{"id":872,"date":"2025-11-03T14:24:38","date_gmt":"2025-11-03T14:24:38","guid":{"rendered":"https:\/\/oriente.corsica\/?page_id=872"},"modified":"2025-11-03T14:31:48","modified_gmt":"2025-11-03T14:31:48","slug":"plpdma","status":"publish","type":"page","link":"https:\/\/oriente.corsica\/index.php\/plpdma\/","title":{"rendered":"PLPDMA"},"content":{"rendered":"\t\t<div data-elementor-type=\"wp-page\" data-elementor-id=\"872\" class=\"elementor elementor-872\" data-elementor-post-type=\"page\">\n\t\t\t\t<div class=\"elementor-element elementor-element-14278e3 e-flex e-con-boxed e-con e-parent\" data-id=\"14278e3\" data-element_type=\"container\" data-e-type=\"container\" data-settings=\"{&quot;background_background&quot;:&quot;classic&quot;}\">\n\t\t\t\t\t<div class=\"e-con-inner\">\n\t\t<div class=\"elementor-element elementor-element-d93f2ee e-flex e-con-boxed e-con e-child\" data-id=\"d93f2ee\" data-element_type=\"container\" data-e-type=\"container\">\n\t\t\t\t\t<div class=\"e-con-inner\">\n\t\t\t\t<div class=\"elementor-element elementor-element-91826ed elementor-widget elementor-widget-heading\" data-id=\"91826ed\" data-element_type=\"widget\" data-e-type=\"widget\" data-widget_type=\"heading.default\">\n\t\t\t\t<div class=\"elementor-widget-container\">\n\t\t\t\t\t<h1 class=\"elementor-heading-title elementor-size-default\">PLPDMA<\/h1>\t\t\t\t<\/div>\n\t\t\t\t<\/div>\n\t\t\t\t\t<\/div>\n\t\t\t\t<\/div>\n\t\t\t\t\t<\/div>\n\t\t\t\t<\/div>\n\t\t<div class=\"elementor-element elementor-element-4b1b663 e-flex e-con-boxed e-con e-parent\" data-id=\"4b1b663\" data-element_type=\"container\" data-e-type=\"container\">\n\t\t\t\t\t<div class=\"e-con-inner\">\n\t\t\t\t<div class=\"elementor-element elementor-element-80f97e5 elementor-widget elementor-widget-text-editor\" data-id=\"80f97e5\" data-element_type=\"widget\" data-e-type=\"widget\" data-widget_type=\"text-editor.default\">\n\t\t\t\t<div class=\"elementor-widget-container\">\n\t\t\t\t\t\t\t\t\t<div class=\"elementToProof\">La Communaut\u00e9 de communes lance une enqu\u00eate publique\u00a0relative \u00e0 son Plan Local de Pr\u00e9vention des D\u00e9chets M\u00e9nagers et Assimil\u00e9s (PLPDMA).<\/div><div>\u00a0<\/div><div class=\"elementToProof\">Ce document fixe les orientations et actions prioritaires\u00a0pour r\u00e9duire la production de d\u00e9chets d\u00e8s leur origine, avant leur collecte, leur tri ou leur traitement.<\/div><div class=\"elementToProof\">Le PLPDMA a pour objectif de favoriser des comportements plus durables, tant dans nos modes de consommation que dans nos pratiques de production.<\/div><div>\u00a0<\/div><div class=\"elementToProof\">L\u2019enqu\u00eate publique est une occasion donn\u00e9e \u00e0 tous\u00a0\u2013 habitants, associations, entreprises \u2013 de prendre connaissance du projet\u00a0et de partager leurs observations.\u00a0<\/div><div>\u00a0<\/div><div class=\"elementToProof\">Vous pouvez nous envoyer vos remarques et avis \u00e0 l&rsquo;adresse suivante: <a href=\"mailto:comcomoriente@orange.fr\">comcomoriente@orange.fr<\/a><\/div><div class=\"elementToProof\">Les contributions recueillies permettront d\u2019enrichir le plan\u00a0afin qu\u2019il r\u00e9ponde pleinement aux enjeux du territoire et aux attentes de ses usagers.<\/div>\t\t\t\t\t\t\t\t<\/div>\n\t\t\t\t<\/div>\n\t\t\t\t<div class=\"elementor-element elementor-element-1c0f899 elementor-align-justify elementor-widget elementor-widget-button\" data-id=\"1c0f899\" data-element_type=\"widget\" data-e-type=\"widget\" data-widget_type=\"button.default\">\n\t\t\t\t<div class=\"elementor-widget-container\">\n\t\t\t\t\t\t\t\t\t<div class=\"elementor-button-wrapper\">\n\t\t\t\t\t<a class=\"elementor-button elementor-button-link elementor-size-sm\" href=\"http:\/\/oriente.corsica\/wp-content\/uploads\/2025\/11\/PLPDMA-ORIENTE.pdf\" target=\"_blank\">\n\t\t\t\t\t\t<span class=\"elementor-button-content-wrapper\">\n\t\t\t\t\t\t<span class=\"elementor-button-icon\">\n\t\t\t\t<i aria-hidden=\"true\" class=\"far fa-file-pdf\"><\/i>\t\t\t<\/span>\n\t\t\t\t\t\t\t\t\t<span class=\"elementor-button-text\">Cliquez ici pour lire le document<\/span>\n\t\t\t\t\t<\/span>\n\t\t\t\t\t<\/a>\n\t\t\t\t<\/div>\n\t\t\t\t\t\t\t\t<\/div>\n\t\t\t\t<\/div>\n\t\t\t\t\t<\/div>\n\t\t\t\t<\/div>\n\t\t\t\t<\/div>\n\t\t","protected":false},"excerpt":{"rendered":"<p>PLPDMA La Communaut\u00e9 de communes lance une enqu\u00eate publique\u00a0relative \u00e0 son Plan Local de Pr\u00e9vention des D\u00e9chets M\u00e9nagers et Assimil\u00e9s (PLPDMA).\u00a0Ce document fixe les orientations et actions prioritaires\u00a0pour r\u00e9duire la production de d\u00e9chets d\u00e8s leur origine, avant leur collecte, leur tri ou leur traitement.Le PLPDMA a pour objectif de favoriser des comportements plus durables, tant [&hellip;]<\/p>\n","protected":false},"author":1,"featured_media":0,"parent":0,"menu_order":0,"comment_status":"closed","ping_status":"closed","template":"elementor_header_footer","meta":{"footnotes":""},"class_list":["post-872","page","type-page","status-publish","hentry"],"_links":{"self":[{"href":"https:\/\/oriente.corsica\/index.php\/wp-json\/wp\/v2\/pages\/872","targetHints":{"allow":["GET"]}}],"collection":[{"href":"https:\/\/oriente.corsica\/index.php\/wp-json\/wp\/v2\/pages"}],"about":[{"href":"https:\/\/oriente.corsica\/index.php\/wp-json\/wp\/v2\/types\/page"}],"author":[{"embeddable":true,"href":"https:\/\/oriente.corsica\/index.php\/wp-json\/wp\/v2\/users\/1"}],"replies":[{"embeddable":true,"href":"https:\/\/oriente.corsica\/index.php\/wp-json\/wp\/v2\/comments?post=872"}],"version-history":[{"count":7,"href":"https:\/\/oriente.corsica\/index.php\/wp-json\/wp\/v2\/pages\/872\/revisions"}],"predecessor-version":[{"id":881,"href":"https:\/\/oriente.corsica\/index.php\/wp-json\/wp\/v2\/pages\/872\/revisions\/881"}],"wp:attachment":[{"href":"https:\/\/oriente.corsica\/index.php\/wp-json\/wp\/v2\/media?parent=872"}],"curies":[{"name":"wp","href":"https:\/\/api.w.org\/{rel}","templated":true}]}}