{"id":542,"date":"2023-08-18T11:15:23","date_gmt":"2023-08-18T11:15:23","guid":{"rendered":"http:\/\/oriente.corsica\/?page_id=542"},"modified":"2023-08-22T14:03:47","modified_gmt":"2023-08-22T14:03:47","slug":"presentation-du-territoire","status":"publish","type":"page","link":"https:\/\/oriente.corsica\/index.php\/presentation-du-territoire\/","title":{"rendered":"Pr\u00e9sentation du Territoire"},"content":{"rendered":"\t\t<div data-elementor-type=\"wp-page\" data-elementor-id=\"542\" class=\"elementor elementor-542\" data-elementor-post-type=\"page\">\n\t\t\t\t<div class=\"elementor-element elementor-element-de50912 e-con-full e-flex e-con e-parent\" data-id=\"de50912\" data-element_type=\"container\" data-e-type=\"container\" data-settings=\"{&quot;background_background&quot;:&quot;classic&quot;}\">\n\t\t\t\t<div class=\"elementor-element elementor-element-1057387 elementor-widget elementor-widget-heading\" data-id=\"1057387\" data-element_type=\"widget\" data-e-type=\"widget\" data-settings=\"{&quot;motion_fx_motion_fx_scrolling&quot;:&quot;yes&quot;,&quot;motion_fx_translateX_effect&quot;:&quot;yes&quot;,&quot;motion_fx_translateX_direction&quot;:&quot;negative&quot;,&quot;motion_fx_translateX_speed&quot;:{&quot;unit&quot;:&quot;px&quot;,&quot;size&quot;:2.5,&quot;sizes&quot;:[]},&quot;motion_fx_translateX_affectedRange&quot;:{&quot;unit&quot;:&quot;%&quot;,&quot;size&quot;:&quot;&quot;,&quot;sizes&quot;:{&quot;start&quot;:0,&quot;end&quot;:100}},&quot;motion_fx_devices&quot;:[&quot;desktop&quot;,&quot;tablet&quot;,&quot;mobile&quot;]}\" data-widget_type=\"heading.default\">\n\t\t\t\t<div class=\"elementor-widget-container\">\n\t\t\t\t\t<h1 class=\"elementor-heading-title elementor-size-default\">pr\u00e9sentation du<br>territoire<\/h1>\t\t\t\t<\/div>\n\t\t\t\t<\/div>\n\t\t\t\t<\/div>\n\t\t<div class=\"elementor-element elementor-element-2e3b485 e-flex e-con-boxed e-con e-parent\" data-id=\"2e3b485\" data-element_type=\"container\" data-e-type=\"container\">\n\t\t\t\t\t<div class=\"e-con-inner\">\n\t\t<div class=\"elementor-element elementor-element-03824d5 e-con-full e-flex e-con e-parent\" data-id=\"03824d5\" data-element_type=\"container\" data-e-type=\"container\">\n\t\t\t\t<div class=\"elementor-element elementor-element-d879481 elementor-widget elementor-widget-heading\" data-id=\"d879481\" data-element_type=\"widget\" data-e-type=\"widget\" data-settings=\"{&quot;motion_fx_motion_fx_scrolling&quot;:&quot;yes&quot;,&quot;motion_fx_translateX_effect&quot;:&quot;yes&quot;,&quot;motion_fx_translateX_speed&quot;:{&quot;unit&quot;:&quot;px&quot;,&quot;size&quot;:2.5,&quot;sizes&quot;:[]},&quot;motion_fx_translateX_direction&quot;:&quot;negative&quot;,&quot;motion_fx_translateX_affectedRange&quot;:{&quot;unit&quot;:&quot;%&quot;,&quot;size&quot;:&quot;&quot;,&quot;sizes&quot;:{&quot;start&quot;:0,&quot;end&quot;:100}},&quot;motion_fx_devices&quot;:[&quot;desktop&quot;,&quot;tablet&quot;,&quot;mobile&quot;]}\" data-widget_type=\"heading.default\">\n\t\t\t\t<div class=\"elementor-widget-container\">\n\t\t\t\t\t<h2 class=\"elementor-heading-title elementor-size-default\">le territoire<br>de l'oriente\n<\/h2>\t\t\t\t<\/div>\n\t\t\t\t<\/div>\n\t\t\t\t<\/div>\n\t\t<div class=\"elementor-element elementor-element-5d7f9ec e-con-full e-flex e-con e-parent\" data-id=\"5d7f9ec\" data-element_type=\"container\" data-e-type=\"container\">\n\t\t\t\t<div class=\"elementor-element elementor-element-f7d4c78 elementor-widget elementor-widget-text-editor\" data-id=\"f7d4c78\" data-element_type=\"widget\" data-e-type=\"widget\" data-settings=\"{&quot;motion_fx_motion_fx_scrolling&quot;:&quot;yes&quot;,&quot;motion_fx_devices&quot;:[&quot;desktop&quot;,&quot;tablet&quot;,&quot;mobile&quot;]}\" data-widget_type=\"text-editor.default\">\n\t\t\t\t<div class=\"elementor-widget-container\">\n\t\t\t\t\t\t\t\t\t<div class=\"logo-gutter ng-tns-c1649700303-55 ng-star-inserted\"><div class=\"resize-observable\">\u00a0<\/div><\/div><div class=\"response-container-content ng-tns-c1649700303-55\"><div class=\"response-content ng-trigger ng-trigger-responsePopulation ng-tns-c1649700303-55 ng-animate-disabled\"><div class=\"markdown markdown-main-panel\" dir=\"ltr\"><p data-sourcepos=\"1:1-1:200\">La Communaut\u00e9 de communes de l&rsquo;Oriente est une intercommunalit\u00e9 fran\u00e7aise, situ\u00e9e dans le d\u00e9partement de la Haute-Corse et la r\u00e9gion Corse. Elle regroupe 22 communes, dont Al\u00e9ria, la ville principale.<\/p><p data-sourcepos=\"3:1-3:258\">Le territoire de la communaut\u00e9 de communes de l&rsquo;Oriente est situ\u00e9 dans la partie orientale de l&rsquo;\u00eele de Corse. Il est bord\u00e9 par la mer M\u00e9diterran\u00e9e au sud, par le d\u00e9partement de la Corse-du-Sud \u00e0 l&rsquo;ouest et par la cha\u00eene de montagnes des Alpes Corses au nord.<\/p><p data-sourcepos=\"5:1-5:317\">Le territoire de la communaut\u00e9 de communes de l&rsquo;Oriente est riche en patrimoine naturel et culturel. Il abrite de nombreuses for\u00eats, rivi\u00e8res, cascades, plages et villages pittoresques. Le territoire est \u00e9galement connu pour son histoire, notamment la ville d&rsquo;Al\u00e9ria, qui a \u00e9t\u00e9 fond\u00e9e par les Romains en 259 av. J.-C.<\/p><p data-sourcepos=\"7:1-7:293\">La Communaut\u00e9 de communes de l&rsquo;Oriente a pour mission de d\u00e9velopper le territoire et d&rsquo;am\u00e9liorer la qualit\u00e9 de vie de ses habitants. Elle s&rsquo;engage dans des domaines vari\u00e9s, tels que le d\u00e9veloppement \u00e9conomique, l&rsquo;am\u00e9nagement du territoire, l&rsquo;environnement, la culture, le sport et la jeunesse.<\/p><p data-sourcepos=\"9:1-9:191\">L&rsquo;Oriente est un acteur important du d\u00e9veloppement de la Corse. Elle contribue \u00e0 faire de l&rsquo;\u00eele une destination touristique attractive et un lieu de vie agr\u00e9able.<\/p><\/div><\/div><\/div>\t\t\t\t\t\t\t\t<\/div>\n\t\t\t\t<\/div>\n\t\t\t\t<\/div>\n\t\t\t\t\t<\/div>\n\t\t\t\t<\/div>\n\t\t<div class=\"elementor-element elementor-element-a5a958f e-con-full e-flex elementor-invisible e-con e-parent\" data-id=\"a5a958f\" data-element_type=\"container\" data-e-type=\"container\" data-settings=\"{&quot;background_background&quot;:&quot;classic&quot;,&quot;animation&quot;:&quot;slideInRight&quot;}\">\n\t\t<div class=\"elementor-element elementor-element-10b298e e-con-full e-flex e-con e-parent\" data-id=\"10b298e\" data-element_type=\"container\" data-e-type=\"container\" data-settings=\"{&quot;background_background&quot;:&quot;classic&quot;}\">\n\t\t\t\t<\/div>\n\t\t<div class=\"elementor-element elementor-element-4e70c60 e-con-full e-flex e-con e-parent\" data-id=\"4e70c60\" data-element_type=\"container\" data-e-type=\"container\">\n\t\t\t\t<div class=\"elementor-element elementor-element-0de6d17 elementor-widget elementor-widget-heading\" data-id=\"0de6d17\" data-element_type=\"widget\" data-e-type=\"widget\" data-settings=\"{&quot;motion_fx_motion_fx_scrolling&quot;:&quot;yes&quot;,&quot;motion_fx_translateX_effect&quot;:&quot;yes&quot;,&quot;motion_fx_translateX_speed&quot;:{&quot;unit&quot;:&quot;px&quot;,&quot;size&quot;:2.5,&quot;sizes&quot;:[]},&quot;motion_fx_translateX_affectedRange&quot;:{&quot;unit&quot;:&quot;%&quot;,&quot;size&quot;:&quot;&quot;,&quot;sizes&quot;:{&quot;start&quot;:0,&quot;end&quot;:100}},&quot;motion_fx_devices&quot;:[&quot;desktop&quot;,&quot;tablet&quot;,&quot;mobile&quot;]}\" data-widget_type=\"heading.default\">\n\t\t\t\t<div class=\"elementor-widget-container\">\n\t\t\t\t\t<h2 class=\"elementor-heading-title elementor-size-default\">toutes nos<br>communes\n<\/h2>\t\t\t\t<\/div>\n\t\t\t\t<\/div>\n\t\t\t\t<div class=\"elementor-element elementor-element-d3c2f50 elementor-widget elementor-widget-text-editor\" data-id=\"d3c2f50\" data-element_type=\"widget\" data-e-type=\"widget\" data-settings=\"{&quot;motion_fx_motion_fx_scrolling&quot;:&quot;yes&quot;,&quot;motion_fx_devices&quot;:[&quot;desktop&quot;,&quot;tablet&quot;,&quot;mobile&quot;]}\" data-widget_type=\"text-editor.default\">\n\t\t\t\t<div class=\"elementor-widget-container\">\n\t\t\t\t\t\t\t\t\t<div class=\"logo-gutter ng-tns-c1649700303-55 ng-star-inserted\"><div>\u00a0<\/div><div class=\"resize-observable\">Nich\u00e9e au c\u0153ur d&rsquo;une r\u00e9gion pittoresque o\u00f9 la majestueuse rencontre entre la mer et la montagne se dessine \u00e0 chaque coin de rue, la Communaut\u00e9 de Communes de l&rsquo;Oriente constitue un v\u00e9ritable joyau de diversit\u00e9 et de richesse naturelle. Compos\u00e9e de 22 communes, cette entit\u00e9 territoriale incarne l&rsquo;harmonie entre les \u00e9l\u00e9ments maritimes et montagneux, offrant \u00e0 ses habitants et visiteurs une exp\u00e9rience unique et captivante.<\/div><div>\u00a0<\/div><\/div>\t\t\t\t\t\t\t\t<\/div>\n\t\t\t\t<\/div>\n\t\t\t\t<div class=\"elementor-element elementor-element-9bebc1b elementor-align-right elementor-mobile-align-center elementor-widget elementor-widget-button\" data-id=\"9bebc1b\" data-element_type=\"widget\" data-e-type=\"widget\" data-widget_type=\"button.default\">\n\t\t\t\t<div class=\"elementor-widget-container\">\n\t\t\t\t\t\t\t\t\t<div class=\"elementor-button-wrapper\">\n\t\t\t\t\t<a class=\"elementor-button elementor-button-link elementor-size-lg elementor-animation-float\" href=\"http:\/\/oriente.corsica\/index.php\/communes-membres\/\">\n\t\t\t\t\t\t<span class=\"elementor-button-content-wrapper\">\n\t\t\t\t\t\t<span class=\"elementor-button-icon\">\n\t\t\t\t<svg xmlns=\"http:\/\/www.w3.org\/2000\/svg\" xmlns:xlink=\"http:\/\/www.w3.org\/1999\/xlink\" xmlns:svgjs=\"http:\/\/svgjs.com\/svgjs\" width=\"512\" height=\"512\" x=\"0\" y=\"0\" viewBox=\"0 0 512.079 512.079\" style=\"enable-background:new 0 0 512 512\" xml:space=\"preserve\" class=\"\"><g><path d=\"m458.881 247.53-395-246C59.203-1.405 53.031.008 50.096 4.687a10 10 0 0 0-.445 9.843l120.77 241.49-120.82 241.53c-2.501 4.924-.537 10.943 4.387 13.445a9.998 9.998 0 0 0 9.843-.445l395-246c4.694-2.909 6.142-9.073 3.232-13.768a10 10 0 0 0-3.232-3.232z\" fill=\"#de7900\" data-original=\"#000000\" class=\"\" opacity=\"1\"><\/path><\/g><\/svg>\t\t\t<\/span>\n\t\t\t\t\t\t\t\t\t<span class=\"elementor-button-text\">D\u00e9couvrez nos Communes<\/span>\n\t\t\t\t\t<\/span>\n\t\t\t\t\t<\/a>\n\t\t\t\t<\/div>\n\t\t\t\t\t\t\t\t<\/div>\n\t\t\t\t<\/div>\n\t\t\t\t<\/div>\n\t\t\t\t<\/div>\n\t\t\t\t<\/div>\n\t\t","protected":false},"excerpt":{"rendered":"<p>pr\u00e9sentation duterritoire le territoirede l&rsquo;oriente \u00a0 La Communaut\u00e9 de communes de l&rsquo;Oriente est une intercommunalit\u00e9 fran\u00e7aise, situ\u00e9e dans le d\u00e9partement de la Haute-Corse et la r\u00e9gion Corse. Elle regroupe 22 communes, dont Al\u00e9ria, la ville principale. Le territoire de la communaut\u00e9 de communes de l&rsquo;Oriente est situ\u00e9 dans la partie orientale de l&rsquo;\u00eele de Corse. [&hellip;]<\/p>\n","protected":false},"author":1,"featured_media":0,"parent":0,"menu_order":0,"comment_status":"closed","ping_status":"closed","template":"elementor_header_footer","meta":{"footnotes":""},"class_list":["post-542","page","type-page","status-publish","hentry"],"_links":{"self":[{"href":"https:\/\/oriente.corsica\/index.php\/wp-json\/wp\/v2\/pages\/542","targetHints":{"allow":["GET"]}}],"collection":[{"href":"https:\/\/oriente.corsica\/index.php\/wp-json\/wp\/v2\/pages"}],"about":[{"href":"https:\/\/oriente.corsica\/index.php\/wp-json\/wp\/v2\/types\/page"}],"author":[{"embeddable":true,"href":"https:\/\/oriente.corsica\/index.php\/wp-json\/wp\/v2\/users\/1"}],"replies":[{"embeddable":true,"href":"https:\/\/oriente.corsica\/index.php\/wp-json\/wp\/v2\/comments?post=542"}],"version-history":[{"count":34,"href":"https:\/\/oriente.corsica\/index.php\/wp-json\/wp\/v2\/pages\/542\/revisions"}],"predecessor-version":[{"id":657,"href":"https:\/\/oriente.corsica\/index.php\/wp-json\/wp\/v2\/pages\/542\/revisions\/657"}],"wp:attachment":[{"href":"https:\/\/oriente.corsica\/index.php\/wp-json\/wp\/v2\/media?parent=542"}],"curies":[{"name":"wp","href":"https:\/\/api.w.org\/{rel}","templated":true}]}}